{"id":317,"date":"2014-07-10T12:31:35","date_gmt":"2014-07-10T12:31:35","guid":{"rendered":"http:\/\/demo.thinkupthemes.com\/experon-pro\/?page_id=317"},"modified":"2024-03-28T16:34:01","modified_gmt":"2024-03-28T15:34:01","slug":"home-experon","status":"publish","type":"page","link":"https:\/\/janser.hr\/","title":{"rendered":"Home Janser"},"content":{"rendered":"<div id=\"pg-317-0\"  class=\"panel-grid\" ><div class=\"panel-grid-core\"><div id=\"pgc-317-0-0\"  class=\"panel-grid-cell \" ><div class=\"panel-widget-style\" style=\"background: url(&quot;false&quot;) !important; background-position: left top !important; background-repeat: repeat !important; background-size: auto !important; background-attachment: scroll !important;\" ><div class=\"sc-featured sc-carousel\"><div class=\"animated start-fadeInUp\" title=\"0\"><div class=\"entry-header\"><a href=\"https:\/\/janser.hr\/?page_id=11213\"><img decoding=\"async\" src=\"https:\/\/janser.hr\/2020\/wp-content\/uploads\/2020\/02\/51737896_2012087295578174_2968301814375514112_o-150x150.jpg\" \/><div class=\"image-overlay overlay2\"><div class=\"image-overlay-inner\"><div class=\"prettyphoto-wrap\"><span><i class=\"fa fa-trophy\"><\/i><\/span><\/div><\/div><\/div><\/a><\/div><\/div><div class=\"clearboth\"><\/div><div class=\"animated start-fadeInUp\" title=\"150\"><h3>Primjena tehnologije<\/h3><\/div><div class=\"clearboth\"><\/div><div class=\"animated start-fadeInUp\" title=\"300\"><p>Ovdje \u0107ete prona\u0107i informacije o primjeni i uporabi na\u0161ih proizvoda.<\/p>\n<\/div><div class=\"clearboth\"><\/div><\/div><\/div><\/div><div id=\"pgc-317-0-1\"  class=\"panel-grid-cell \" ><div class=\"panel-widget-style\" style=\"background: url(&quot;false&quot;) !important; background-position: left top !important; background-repeat: repeat !important; background-size: auto !important; background-attachment: scroll !important;\" ><div class=\"sc-featured sc-carousel\"><div class=\"animated start-fadeInUp\" title=\"250\"><div class=\"entry-header\"><a href=\"#\"><img decoding=\"async\" src=\"https:\/\/janser.hr\/2020\/wp-content\/uploads\/2020\/02\/27544669_1522611924525716_6875328741775813826_n-150x150.jpg\" \/><div class=\"image-overlay overlay2\"><div class=\"image-overlay-inner\"><div class=\"prettyphoto-wrap\"><span><i class=\"fa fa-paper-plane\"><\/i><\/span><\/div><\/div><\/div><\/a><\/div><\/div><div class=\"clearboth\"><\/div><div class=\"animated start-fadeInUp\" title=\"400\"><h3>Doga\u0111anja<\/h3><\/div><div class=\"clearboth\"><\/div><div class=\"animated start-fadeInUp\" title=\"550\"><p>Ako \u017eelite saznati na\u0161e trenutne doga\u0111aje i datume, onda ste do\u0161li na pravo mjesto.<\/p>\n<\/div><div class=\"clearboth\"><\/div><\/div><\/div><\/div><div id=\"pgc-317-0-2\"  class=\"panel-grid-cell\" ><div class=\"panel-widget-style\" style=\"background: url(&quot;false&quot;) !important; background-position: left top !important; background-repeat: repeat !important; background-size: auto !important; background-attachment: scroll !important;\" ><div class=\"sc-featured sc-carousel\"><div class=\"animated start-fadeInUp\" title=\"500\"><div class=\"entry-header\"><a href=\" https:\/\/janser.hr\/?page_id=11286\"><img decoding=\"async\" src=\"https:\/\/janser.hr\/2020\/wp-content\/uploads\/2020\/02\/percentage-icon-blue-1-150x150.jpg\" \/><div class=\"image-overlay overlay2\"><div class=\"image-overlay-inner\"><div class=\"prettyphoto-wrap\"><span><i class=\"fa fa-clock-o\"><\/i><\/span><\/div><\/div><\/div><\/a><\/div><\/div><div class=\"clearboth\"><\/div><div class=\"animated start-fadeInUp\" title=\"650\"><h3>Posebne ponude<\/h3><\/div><div class=\"clearboth\"><\/div><div class=\"animated start-fadeInUp\" title=\"800\"><p>Pogledajte na\u0161e posebne ponude za nove i rabljene alate i strojeve - mo\u017eda postoji i ne\u0161to za vas?<\/p>\n<\/div><div class=\"clearboth\"><\/div><\/div><\/div><\/div><\/div><\/div><div id=\"pg-317-1\"  class=\"panel-grid\" ><div class=\"panel-grid-core\"><div id=\"pgc-317-1-0\"  class=\"panel-grid-cell \" ><div class=\"panel-widget-style\" style=\"background: url(&quot;false&quot;) !important; background-position: left top !important; background-repeat: repeat !important; background-size: auto !important; background-attachment: scroll !important;\" ><div id=\"sc-action-thinkupshortcodesthinkup_builder_calltoaction\" class=\"thinkupshortcodesthinkup_builder_calltoaction sc-action style2\"><div class=\"sc-action-core\"><div class=\"action-message two_third\"><div class=\"action-text\"><h3>Strojevi - alati - radna odje\u0107a<\/h3><\/div><div class=\"action-teaser\"><p>Profesionalna podna tehnika<\/p>\n<\/div><\/div><div class=\"action-link one_third last\"><a class=\"themebutton\" href=\"http:\/\/janser.com.hr\/index.php?route=common\/home\" target=\"_blank\">webshop<\/a><\/div><div class=\"clearboth\"><\/div><\/div><\/div><\/div><\/div><\/div><\/div>","protected":false},"excerpt":{"rendered":"<p>Primjena tehnologijeOvdje \u0107ete prona\u0107i informacije o primjeni i uporabi na\u0161ih proizvoda. Doga\u0111anjaAko \u017eelite saznati na\u0161e trenutne doga\u0111aje i datume, onda ste do\u0161li na pravo mjesto. Posebne ponudePogledajte na\u0161e posebne ponude za nove i rabljene alate i strojeve &#8211; mo\u017eda postoji i ne\u0161to za vas? Strojevi &#8211; alati &#8211; radna odje\u0107aProfesionalna podna tehnika webshop<\/p>\n","protected":false},"author":1,"featured_media":8,"parent":0,"menu_order":0,"comment_status":"open","ping_status":"closed","template":"template-parallax.php","meta":{"om_disable_all_campaigns":false,"pagelayer_contact_templates":[],"_pagelayer_content":"","_monsterinsights_skip_tracking":false,"_monsterinsights_sitenote_active":false,"_monsterinsights_sitenote_note":"","_monsterinsights_sitenote_category":0,"_uf_show_specific_survey":0,"_uf_disable_surveys":false,"footnotes":""},"categories":[],"tags":[],"class_list":["post-317","page","type-page","status-publish","has-post-thumbnail","hentry"],"aioseo_notices":[],"_links":{"self":[{"href":"https:\/\/janser.hr\/index.php?rest_route=\/wp\/v2\/pages\/317"}],"collection":[{"href":"https:\/\/janser.hr\/index.php?rest_route=\/wp\/v2\/pages"}],"about":[{"href":"https:\/\/janser.hr\/index.php?rest_route=\/wp\/v2\/types\/page"}],"author":[{"embeddable":true,"href":"https:\/\/janser.hr\/index.php?rest_route=\/wp\/v2\/users\/1"}],"replies":[{"embeddable":true,"href":"https:\/\/janser.hr\/index.php?rest_route=%2Fwp%2Fv2%2Fcomments&post=317"}],"version-history":[{"count":150,"href":"https:\/\/janser.hr\/index.php?rest_route=\/wp\/v2\/pages\/317\/revisions"}],"predecessor-version":[{"id":11507,"href":"https:\/\/janser.hr\/index.php?rest_route=\/wp\/v2\/pages\/317\/revisions\/11507"}],"wp:featuredmedia":[{"embeddable":true,"href":"https:\/\/janser.hr\/index.php?rest_route=\/wp\/v2\/media\/8"}],"wp:attachment":[{"href":"https:\/\/janser.hr\/index.php?rest_route=%2Fwp%2Fv2%2Fmedia&parent=317"}],"wp:term":[{"taxonomy":"category","embeddable":true,"href":"https:\/\/janser.hr\/index.php?rest_route=%2Fwp%2Fv2%2Fcategories&post=317"},{"taxonomy":"post_tag","embeddable":true,"href":"https:\/\/janser.hr\/index.php?rest_route=%2Fwp%2Fv2%2Ftags&post=317"}],"curies":[{"name":"wp","href":"https:\/\/api.w.org\/{rel}","templated":true}]}}